{"id":5,"date":"2018-01-30T15:41:20","date_gmt":"2018-01-30T14:41:20","guid":{"rendered":"http:\/\/riltec.uniroma3.it\/?page_id=5"},"modified":"2020-09-29T11:26:30","modified_gmt":"2020-09-29T09:26:30","slug":"rilievo-e-tecnologie-digitali-home","status":"publish","type":"page","link":"http:\/\/riltec.uniroma3.it\/","title":{"rendered":"Laboratorio di Rilievo e Tecnologie Digitali &#8211; Riltec"},"content":{"rendered":"<h1><div aria-live=\"polite\" id=\"soliloquy-container-135\" class=\"soliloquy-container soliloquy-transition-fade  soliloquy-theme-base\" style=\"max-width:960px;max-height:200px;\"><ul id=\"soliloquy-135\" class=\"soliloquy-slider soliloquy-slides soliloquy-wrap soliloquy-clear\"><li aria-hidden=\"true\" class=\"soliloquy-item soliloquy-item-1 soliloquy-image-slide\" draggable=\"false\" style=\"list-style:none\"><img id=\"soliloquy-image-141\" class=\"soliloquy-image soliloquy-image-1\" src=\"http:\/\/riltec.uniroma3.it\/wp-content\/uploads\/2018\/03\/BROCHURE-arco_small.jpg\" alt=\"BROCHURE arco_small\" \/><\/li><li aria-hidden=\"true\" class=\"soliloquy-item soliloquy-item-2 soliloquy-image-slide\" draggable=\"false\" style=\"list-style:none\"><img id=\"soliloquy-image-343\" class=\"soliloquy-image soliloquy-image-2\" src=\"http:\/\/riltec.uniroma3.it\/wp-content\/uploads\/2018\/05\/BROCHURE-01-CASTRO_smal-1.jpg\" alt=\"BROCHURE-01-CASTRO_smal (1)\" \/><\/li><li aria-hidden=\"true\" class=\"soliloquy-item soliloquy-item-3 soliloquy-image-slide\" draggable=\"false\" style=\"list-style:none\"><img id=\"soliloquy-image-345\" class=\"soliloquy-image soliloquy-image-3\" src=\"http:\/\/riltec.uniroma3.it\/wp-content\/uploads\/2018\/05\/BROCHURE-06-CRISTO_small-1.jpg\" alt=\"BROCHURE-06-CRISTO_small\" \/><\/li><li aria-hidden=\"true\" class=\"soliloquy-item soliloquy-item-4 soliloquy-image-slide\" draggable=\"false\" style=\"list-style:none\"><img id=\"soliloquy-image-346\" class=\"soliloquy-image soliloquy-image-4\" src=\"http:\/\/riltec.uniroma3.it\/wp-content\/uploads\/2018\/05\/BROCHURE-05-RETROSI_small-1.jpg\" alt=\"BROCHURE-05-RETROSI_small\" \/><\/li><li aria-hidden=\"true\" class=\"soliloquy-item soliloquy-item-5 soliloquy-image-slide\" draggable=\"false\" style=\"list-style:none\"><img id=\"soliloquy-image-347\" class=\"soliloquy-image soliloquy-image-5\" src=\"http:\/\/riltec.uniroma3.it\/wp-content\/uploads\/2018\/05\/BROCHURE-04-RETROSI_small-2.jpg\" alt=\"BROCHURE-04-RETROSI_small\" \/><\/li><li aria-hidden=\"true\" class=\"soliloquy-item soliloquy-item-6 soliloquy-image-slide\" draggable=\"false\" style=\"list-style:none\"><img id=\"soliloquy-image-348\" class=\"soliloquy-image soliloquy-image-6\" src=\"http:\/\/riltec.uniroma3.it\/wp-content\/uploads\/2018\/05\/BROCHURE-01-CASTRO_small-1.jpg\" alt=\"BROCHURE-01-CASTRO_small\" \/><\/li><li aria-hidden=\"true\" class=\"soliloquy-item soliloquy-item-7 soliloquy-image-slide\" draggable=\"false\" style=\"list-style:none\"><img id=\"soliloquy-image-349\" class=\"soliloquy-image soliloquy-image-7\" src=\"http:\/\/riltec.uniroma3.it\/wp-content\/uploads\/2018\/05\/BROCHURE-02cave-1.jpg\" alt=\"BROCHURE 02cave\" \/><\/li><li aria-hidden=\"true\" class=\"soliloquy-item soliloquy-item-8 soliloquy-image-slide\" draggable=\"false\" style=\"list-style:none\"><img id=\"soliloquy-image-350\" class=\"soliloquy-image soliloquy-image-8\" src=\"http:\/\/riltec.uniroma3.it\/wp-content\/uploads\/2018\/05\/BROCHURE-01cave-1.jpg\" alt=\"BROCHURE 01cave\" \/><\/li><\/ul><\/div><noscript><style type=\"text\/css\">#soliloquy-container-135{opacity:1}<\/style><\/noscript><\/h1>\n<table width=\"67%\">\n<tbody>\n<tr>\n<td width=\"47%\"><strong>Coordinatore<\/strong><\/td>\n<td width=\"52%\"><strong>Vice Coordinatore<\/strong><\/td>\n<\/tr>\n<tr>\n<td width=\"47%\">Prof. <a href=\"http:\/\/architettura.uniroma3.it\/?docenti=cancianimarco\">Marco Canciani<\/a><\/td>\n<td width=\"52%\">Prof. <a href=\"http:\/\/architettura.uniroma3.it\/?docenti=spadaforagiovanna\">Giovanna Spadafora<\/a><\/td>\n<\/tr>\n<tr>\n<td width=\"47%\">email: <a href=\"mailto:marco.canciani@uniroma3.it\">marco.canciani@uniroma3.it<\/a><br \/>\ninterno: 0657332911 &#8211; 2972<\/td>\n<td width=\"52%\">email: <a href=\"mailto:giovanna.spadafora@uniroma3.it\">giovanna.spadafora@uniroma3.it<\/a><br \/>\ninterno: 0657332912<\/td>\n<\/tr>\n<\/tbody>\n<\/table>\n<p>Il <strong>Laboratorio di Rilievo e Tecnologie digitali<\/strong> del Dipartimento di Architettura della Universit\u00e0 degli Studi Roma Tre ha come finalit\u00e0 lo studio e la sperimentazione di metodi relativi a:<\/p>\n<ul>\n<li>Rilevamento del patrimonio archeologico, architettonico, urbano ed ambientale per mezzo dei sistemi di Rilievo 3D.<\/li>\n<li>Analisi e progettazione attraverso i Sistemi informativi Geografici (GIS).<\/li>\n<li>Comunicazione multimediale attraverso metodologie innovative (anastilosi virtuale, realt\u00e0 aumentata, ecc.).<\/li>\n<\/ul>\n<p>In questo ambito, il Laboratorio ha come finalit\u00e0:<\/p>\n<ul>\n<li>la collaborazione scientifica, anche interdisciplinare, lo scambio di supporto tecnico con altri laboratori e gruppi di ricerca con interessi affini e che possiedano competenze complementari;<\/li>\n<li>lo scambio di informazioni con laboratori e centri di ricerca, cos\u00ec da sviluppare attivit\u00e0 di ricerca e sperimentazione sulla base di interessi condivisi;<\/li>\n<li>il potenziamento di ruoli e funzioni del Dipartimento di Architettura, in modo da attrarre investimenti per la ricerca.<\/li>\n<\/ul>\n<p><strong>\u00a0<\/strong><strong>Attivit\u00e0 supportate<\/strong><\/p>\n<p>Il Laboratorio svolge una funzione di supporto per tutte le attivit\u00e0 che riguardano la <strong>ricerca<\/strong>, l\u2019<strong>alta<\/strong> <strong>formazione<\/strong>, i <strong>tirocini<\/strong> e la cosiddetta <strong>terza missione<\/strong>.<\/p>\n<p>I membri del Dipartimento di Architettura, i titolari di assegni e di contratti di ricerca, gli studenti di Dottorato e dei corsi di Laurea (triennali e biennali), possono chiedere di svolgere delle attivit\u00e0 specifiche nel Laboratorio, compatibilmente con le priorit\u00e0, le disponibilit\u00e0 di mezzi, tempi e personale del medesimo.<\/p>\n<p>Per approfondimenti si rimanda al <a href=\"http:\/\/riltec.uniroma3.it\/index.php\/link-documenti\/\"><u>Regolamento del Laboratorio<\/u><\/a> di Rilievo e Tecnologie Digitali e alla pagina relativa alle Attivit\u00e0 svolte nel Laboratorio, (<u><a href=\"http:\/\/riltec.uniroma3.it\/index.php\/attivita-di-ricerca\/\">Ricerca<\/a>, <a href=\"http:\/\/riltec.uniroma3.it\/index.php\/attivita-in-conto-terzi\/\">in conto terzi<\/a> e <a href=\"http:\/\/riltec.uniroma3.it\/index.php\/attivita-di-supporto-alla-didattica\/\">didattica<\/a><\/u>).<\/p>\n","protected":false},"excerpt":{"rendered":"<p>Coordinatore Vice Coordinatore Prof. Marco Canciani Prof. Giovanna Spadafora email: marco.canciani@uniroma3.it interno: 0657332911 &#8211; 2972 email: giovanna.spadafora@uniroma3.it interno: 0657332912 Il Laboratorio di Rilievo e Tecnologie&#8230;<\/p>\n<div class=\"more-link-wrapper\"><a class=\"more-link\" href=\"http:\/\/riltec.uniroma3.it\/\">Read more<span class=\"screen-reader-text\">Laboratorio di Rilievo e Tecnologie Digitali &#8211; Riltec<\/span><\/a><\/div>\n","protected":false},"author":3,"featured_media":0,"parent":0,"menu_order":0,"comment_status":"closed","ping_status":"closed","template":"","meta":[],"_links":{"self":[{"href":"http:\/\/riltec.uniroma3.it\/index.php\/wp-json\/wp\/v2\/pages\/5"}],"collection":[{"href":"http:\/\/riltec.uniroma3.it\/index.php\/wp-json\/wp\/v2\/pages"}],"about":[{"href":"http:\/\/riltec.uniroma3.it\/index.php\/wp-json\/wp\/v2\/types\/page"}],"author":[{"embeddable":true,"href":"http:\/\/riltec.uniroma3.it\/index.php\/wp-json\/wp\/v2\/users\/3"}],"replies":[{"embeddable":true,"href":"http:\/\/riltec.uniroma3.it\/index.php\/wp-json\/wp\/v2\/comments?post=5"}],"version-history":[{"count":69,"href":"http:\/\/riltec.uniroma3.it\/index.php\/wp-json\/wp\/v2\/pages\/5\/revisions"}],"predecessor-version":[{"id":575,"href":"http:\/\/riltec.uniroma3.it\/index.php\/wp-json\/wp\/v2\/pages\/5\/revisions\/575"}],"wp:attachment":[{"href":"http:\/\/riltec.uniroma3.it\/index.php\/wp-json\/wp\/v2\/media?parent=5"}],"curies":[{"name":"wp","href":"https:\/\/api.w.org\/{rel}","templated":true}]}}